{"id":1211,"date":"2021-02-07T09:07:53","date_gmt":"2021-02-07T02:07:53","guid":{"rendered":"https:\/\/hormeflooring.com\/?page_id=1211"},"modified":"2021-03-03T10:51:51","modified_gmt":"2021-03-03T03:51:51","slug":"chinh-sach-giao-va-tra-hang","status":"publish","type":"page","link":"https:\/\/hormeflooring.com\/en\/chinh-sach-giao-va-tra-hang\/","title":{"rendered":"(VN) Ch\u00ednh s\u00e1ch giao v\u00e0 tr\u1ea3 h\u00e0ng"},"content":{"rendered":"<p class=\"qtranxs-available-languages-message qtranxs-available-languages-message-en\">Sorry, this entry is only available in <a href=\"https:\/\/hormeflooring.com\/vi\/wp-json\/wp\/v2\/pages\/1211\" class=\"qtranxs-available-language-link qtranxs-available-language-link-vi\" title=\"VN\">Vietnamese<\/a>.<\/p>","protected":false},"excerpt":{"rendered":"<p>Sorry, this entry is only available in Vietnamese.<\/p>\n","protected":false},"author":1,"featured_media":1293,"parent":0,"menu_order":0,"comment_status":"closed","ping_status":"closed","template":"","meta":[],"yoast_head":"<!-- This site is optimized with the Yoast SEO Premium plugin v14.9 - https:\/\/yoast.com\/wordpress\/plugins\/seo\/ -->\n<title><\/title>\n<meta name=\"description\" content=\"Quy \u0111\u1ecbnh v\u1ec1 ch\u00ednh s\u00e1ch v\u1eadn chuy\u1ec3n v\u00e0 \u0111\u1ed5i tr\u1ea3 h\u00e0ng d\u00e0nh cho t\u1ea5t c\u1ea3 h\u1ec7 th\u1ed1ng \u0111\u1ea1i l\u00fd t\u1ea1i Horme Flooring.\" \/>\n<meta name=\"robots\" content=\"index, follow, max-snippet:-1, max-image-preview:large, max-video-preview:-1\" \/>\n<link rel=\"canonical\" href=\"https:\/\/hormeflooring.com\/chinh-sach-giao-va-tra-hang\/\" \/>\n<meta property=\"og:locale\" content=\"en_US\" \/>\n<meta property=\"og:type\" content=\"article\" \/>\n<meta property=\"og:title\" content=\"[:vi]Ch\u00ednh s\u00e1ch giao v\u00e0 tr\u1ea3 h\u00e0ng[:] - HORME FLOORING\" \/>\n<meta property=\"og:description\" content=\"Quy \u0111\u1ecbnh v\u1ec1 ch\u00ednh s\u00e1ch v\u1eadn chuy\u1ec3n v\u00e0 \u0111\u1ed5i tr\u1ea3 h\u00e0ng d\u00e0nh cho t\u1ea5t c\u1ea3 h\u1ec7 th\u1ed1ng \u0111\u1ea1i l\u00fd t\u1ea1i Horme Flooring.\" \/>\n<meta property=\"og:url\" content=\"https:\/\/hormeflooring.com\/chinh-sach-giao-va-tra-hang\/\" \/>\n<meta property=\"og:site_name\" content=\"HORME FLOORING\" \/>\n<meta property=\"article:publisher\" content=\"https:\/\/www.facebook.com\/hormeflooring\" \/>\n<meta property=\"article:modified_time\" content=\"2021-03-03T03:51:51+00:00\" \/>\n<meta property=\"og:image\" content=\"https:\/\/hormeflooring.com\/wp-content\/uploads\/2021\/03\/chinh-sach-van-chuyen.jpg\" \/>\n\t<meta property=\"og:image:width\" content=\"800\" \/>\n\t<meta property=\"og:image:height\" content=\"600\" \/>\n<meta name=\"twitter:card\" content=\"summary_large_image\" \/>\n<script type=\"application\/ld+json\" class=\"yoast-schema-graph\">{\"@context\":\"https:\/\/schema.org\",\"@graph\":[{\"@type\":\"WebSite\",\"@id\":\"https:\/\/hormeflooring.com\/en\/#website\",\"url\":\"https:\/\/hormeflooring.com\/en\/\",\"name\":\"HORME FLOORING\",\"description\":\"HORME FLOORING\",\"potentialAction\":[{\"@type\":\"SearchAction\",\"target\":\"https:\/\/hormeflooring.com\/en\/?s={search_term_string}\",\"query-input\":\"required name=search_term_string\"}],\"inLanguage\":\"en-US\"},{\"@type\":\"ImageObject\",\"@id\":\"https:\/\/hormeflooring.com\/chinh-sach-giao-va-tra-hang\/#primaryimage\",\"inLanguage\":\"en-US\",\"url\":\"https:\/\/hormeflooring.com\/wp-content\/uploads\/2021\/03\/chinh-sach-van-chuyen.jpg\",\"width\":800,\"height\":600,\"caption\":\"ch\\u00ednh s\\u00e1ch v\\u1eadn chuy\\u1ec3n\"},{\"@type\":\"WebPage\",\"@id\":\"https:\/\/hormeflooring.com\/chinh-sach-giao-va-tra-hang\/#webpage\",\"url\":\"https:\/\/hormeflooring.com\/chinh-sach-giao-va-tra-hang\/\",\"name\":\"[:vi]Ch\\u00ednh s\\u00e1ch giao v\\u00e0 tr\\u1ea3 h\\u00e0ng[:] - HORME FLOORING\",\"isPartOf\":{\"@id\":\"https:\/\/hormeflooring.com\/en\/#website\"},\"primaryImageOfPage\":{\"@id\":\"https:\/\/hormeflooring.com\/chinh-sach-giao-va-tra-hang\/#primaryimage\"},\"datePublished\":\"2021-02-07T02:07:53+00:00\",\"dateModified\":\"2021-03-03T03:51:51+00:00\",\"description\":\"Quy \\u0111\\u1ecbnh v\\u1ec1 ch\\u00ednh s\\u00e1ch v\\u1eadn chuy\\u1ec3n v\\u00e0 \\u0111\\u1ed5i tr\\u1ea3 h\\u00e0ng d\\u00e0nh cho t\\u1ea5t c\\u1ea3 h\\u1ec7 th\\u1ed1ng \\u0111\\u1ea1i l\\u00fd t\\u1ea1i Horme Flooring.\",\"breadcrumb\":{\"@id\":\"https:\/\/hormeflooring.com\/chinh-sach-giao-va-tra-hang\/#breadcrumb\"},\"inLanguage\":\"en-US\",\"potentialAction\":[{\"@type\":\"ReadAction\",\"target\":[\"https:\/\/hormeflooring.com\/chinh-sach-giao-va-tra-hang\/\"]}]},{\"@type\":\"BreadcrumbList\",\"@id\":\"https:\/\/hormeflooring.com\/chinh-sach-giao-va-tra-hang\/#breadcrumb\",\"itemListElement\":[{\"@type\":\"ListItem\",\"position\":1,\"item\":{\"@type\":\"WebPage\",\"@id\":\"https:\/\/hormeflooring.com\/\",\"url\":\"https:\/\/hormeflooring.com\/\",\"name\":\"Home\"}},{\"@type\":\"ListItem\",\"position\":2,\"item\":{\"@type\":\"WebPage\",\"@id\":\"https:\/\/hormeflooring.com\/chinh-sach-giao-va-tra-hang\/\",\"url\":\"https:\/\/hormeflooring.com\/chinh-sach-giao-va-tra-hang\/\",\"name\":\"Ch\\u00ednh s\\u00e1ch giao v\\u00e0 tr\\u1ea3 h\\u00e0ng\"}}]}]}<\/script>\n<!-- \/ Yoast SEO Premium plugin. -->","_links":{"self":[{"href":"https:\/\/hormeflooring.com\/en\/wp-json\/wp\/v2\/pages\/1211"}],"collection":[{"href":"https:\/\/hormeflooring.com\/en\/wp-json\/wp\/v2\/pages"}],"about":[{"href":"https:\/\/hormeflooring.com\/en\/wp-json\/wp\/v2\/types\/page"}],"author":[{"embeddable":true,"href":"https:\/\/hormeflooring.com\/en\/wp-json\/wp\/v2\/users\/1"}],"replies":[{"embeddable":true,"href":"https:\/\/hormeflooring.com\/en\/wp-json\/wp\/v2\/comments?post=1211"}],"version-history":[{"count":4,"href":"https:\/\/hormeflooring.com\/en\/wp-json\/wp\/v2\/pages\/1211\/revisions"}],"predecessor-version":[{"id":1301,"href":"https:\/\/hormeflooring.com\/en\/wp-json\/wp\/v2\/pages\/1211\/revisions\/1301"}],"wp:featuredmedia":[{"embeddable":true,"href":"https:\/\/hormeflooring.com\/en\/wp-json\/wp\/v2\/media\/1293"}],"wp:attachment":[{"href":"https:\/\/hormeflooring.com\/en\/wp-json\/wp\/v2\/media?parent=1211"}],"curies":[{"name":"wp","href":"https:\/\/api.w.org\/{rel}","templated":true}]}}